{"id":97,"date":"2022-09-05T13:05:48","date_gmt":"2022-09-05T16:05:48","guid":{"rendered":"http:\/\/sanivaneletrica.com.br\/?page_id=97"},"modified":"2022-09-08T16:05:41","modified_gmt":"2022-09-08T19:05:41","slug":"empresa","status":"publish","type":"page","link":"https:\/\/sanivaneletrica.com.br\/index.php\/empresa\/","title":{"rendered":"Empresa"},"content":{"rendered":"\n<div class=\"wp-block-columns is-layout-flex wp-container-core-columns-is-layout-9d6595d7 wp-block-columns-is-layout-flex\">\n<div class=\"wp-block-column is-layout-flow wp-block-column-is-layout-flow\" style=\"flex-basis:50%\">\n<p class=\"has-black-color has-text-color has-medium-font-size\">A <strong>SANIVAN EL\u00c9TRICA<\/strong> conta com uma <strong>Equipe\u00a0de Profissionais Especializados<\/strong> no seguimento fotovoltaico e instala\u00e7\u00f5es el\u00e9tricas, oferece a cada cliente, solu\u00e7\u00f5es sustent\u00e1veis, completas e confi\u00e1veis.<\/p>\n\n\n\n<p class=\"has-black-color has-text-color has-medium-font-size\">Atuamos na\u00a0<strong>Engenharia\u00a0das Solu\u00e7\u00f5es Energ\u00e9ticas<\/strong>, na\u00a0execu\u00e7\u00e3o\u00a0de projetos, na\u00a0<strong>Manuten\u00e7\u00e3o Preventiva<\/strong> e disponibilizando um\u00a0p\u00f3s-vendas e surporte diferenciado.<\/p>\n\n\n\n<p class=\"has-medium-font-size\">Oferecemos aos nossos clientes, uma an\u00e1lise de projetos para o bom desempenho do uso das tecnologias aplicadas e do que existem de mais avan\u00e7ado neste segmento.<\/p>\n<\/div>\n\n\n\n<div class=\"wp-block-column is-layout-flow wp-block-column-is-layout-flow\" style=\"flex-basis:50%\">\n<figure class=\"wp-block-image size-full\"><img loading=\"lazy\" decoding=\"async\" width=\"567\" height=\"425\" src=\"http:\/\/sanivaneletrica.com.br\/wp-content\/uploads\/2022\/09\/foto-001.png\" alt=\"\" class=\"wp-image-277\" srcset=\"https:\/\/sanivaneletrica.com.br\/wp-content\/uploads\/2022\/09\/foto-001.png 567w, https:\/\/sanivaneletrica.com.br\/wp-content\/uploads\/2022\/09\/foto-001-300x225.png 300w\" sizes=\"auto, (max-width: 567px) 100vw, 567px\" \/><\/figure>\n<\/div>\n<\/div>\n\n\n\n<p class=\"has-medium-font-size\">Trabalhamos com <strong>Tecnologias de Pain\u00e9is Solares<\/strong> em parceria com diversos fornecedores no mercado nacional, possibiltando uma melhor din\u00e2mica nos or\u00e7amentos de cada projeto. Seja para a sua resid\u00eancia, ind\u00fastria e at\u00e9 mesmo para projetos no setor rural.<\/p>\n\n\n\n<p class=\"has-medium-font-size\"><\/p>\n\n\n\n<p><\/p>\n","protected":false},"excerpt":{"rendered":"<p>A SANIVAN EL\u00c9TRICA conta com uma Equipe\u00a0de Profissionais Especializados no seguimento fotovoltaico e instala\u00e7\u00f5es el\u00e9tricas, oferece a cada cliente, solu\u00e7\u00f5es sustent\u00e1veis, completas e confi\u00e1veis. Atuamos na\u00a0Engenharia\u00a0das Solu\u00e7\u00f5es Energ\u00e9ticas, na\u00a0execu\u00e7\u00e3o\u00a0de projetos, na\u00a0Manuten\u00e7\u00e3o Preventiva e disponibilizando um\u00a0p\u00f3s-vendas e surporte diferenciado. Oferecemos aos nossos clientes, uma an\u00e1lise de projetos para o bom desempenho do uso das tecnologias aplicadas [&hellip;]<\/p>\n","protected":false},"author":1,"featured_media":0,"parent":0,"menu_order":0,"comment_status":"closed","ping_status":"closed","template":"templates\/template-page-full-width.php","meta":{"footnotes":""},"class_list":["post-97","page","type-page","status-publish","hentry"],"yoast_head":"<!-- This site is optimized with the Yoast SEO plugin v23.2 - https:\/\/yoast.com\/wordpress\/plugins\/seo\/ -->\n<title>Empresa - SANIVAN EL\u00c9TRICA<\/title>\n<meta name=\"robots\" content=\"index, follow, max-snippet:-1, max-image-preview:large, max-video-preview:-1\" \/>\n<link rel=\"canonical\" href=\"https:\/\/sanivaneletrica.com.br\/index.php\/empresa\/\" \/>\n<meta property=\"og:locale\" content=\"en_US\" \/>\n<meta property=\"og:type\" content=\"article\" \/>\n<meta property=\"og:title\" content=\"Empresa - SANIVAN EL\u00c9TRICA\" \/>\n<meta property=\"og:description\" content=\"A SANIVAN EL\u00c9TRICA conta com uma Equipe\u00a0de Profissionais Especializados no seguimento fotovoltaico e instala\u00e7\u00f5es el\u00e9tricas, oferece a cada cliente, solu\u00e7\u00f5es sustent\u00e1veis, completas e confi\u00e1veis. Atuamos na\u00a0Engenharia\u00a0das Solu\u00e7\u00f5es Energ\u00e9ticas, na\u00a0execu\u00e7\u00e3o\u00a0de projetos, na\u00a0Manuten\u00e7\u00e3o Preventiva e disponibilizando um\u00a0p\u00f3s-vendas e surporte diferenciado. Oferecemos aos nossos clientes, uma an\u00e1lise de projetos para o bom desempenho do uso das tecnologias aplicadas [&hellip;]\" \/>\n<meta property=\"og:url\" content=\"https:\/\/sanivaneletrica.com.br\/index.php\/empresa\/\" \/>\n<meta property=\"og:site_name\" content=\"SANIVAN EL\u00c9TRICA\" \/>\n<meta property=\"article:publisher\" content=\"https:\/\/www.facebook.com\/sanivaneletrica\" \/>\n<meta property=\"article:modified_time\" content=\"2022-09-08T19:05:41+00:00\" \/>\n<meta property=\"og:image\" content=\"http:\/\/sanivaneletrica.com.br\/wp-content\/uploads\/2022\/09\/foto-001.png\" \/>\n<meta name=\"twitter:card\" content=\"summary_large_image\" \/>\n<meta name=\"twitter:label1\" content=\"Est. reading time\" \/>\n\t<meta name=\"twitter:data1\" content=\"1 minute\" \/>\n<script type=\"application\/ld+json\" class=\"yoast-schema-graph\">{\"@context\":\"https:\/\/schema.org\",\"@graph\":[{\"@type\":\"WebPage\",\"@id\":\"https:\/\/sanivaneletrica.com.br\/index.php\/empresa\/\",\"url\":\"https:\/\/sanivaneletrica.com.br\/index.php\/empresa\/\",\"name\":\"Empresa - SANIVAN EL\u00c9TRICA\",\"isPartOf\":{\"@id\":\"https:\/\/sanivaneletrica.com.br\/#website\"},\"primaryImageOfPage\":{\"@id\":\"https:\/\/sanivaneletrica.com.br\/index.php\/empresa\/#primaryimage\"},\"image\":{\"@id\":\"https:\/\/sanivaneletrica.com.br\/index.php\/empresa\/#primaryimage\"},\"thumbnailUrl\":\"http:\/\/sanivaneletrica.com.br\/wp-content\/uploads\/2022\/09\/foto-001.png\",\"datePublished\":\"2022-09-05T16:05:48+00:00\",\"dateModified\":\"2022-09-08T19:05:41+00:00\",\"breadcrumb\":{\"@id\":\"https:\/\/sanivaneletrica.com.br\/index.php\/empresa\/#breadcrumb\"},\"inLanguage\":\"en-US\",\"potentialAction\":[{\"@type\":\"ReadAction\",\"target\":[\"https:\/\/sanivaneletrica.com.br\/index.php\/empresa\/\"]}]},{\"@type\":\"ImageObject\",\"inLanguage\":\"en-US\",\"@id\":\"https:\/\/sanivaneletrica.com.br\/index.php\/empresa\/#primaryimage\",\"url\":\"https:\/\/sanivaneletrica.com.br\/wp-content\/uploads\/2022\/09\/foto-001.png\",\"contentUrl\":\"https:\/\/sanivaneletrica.com.br\/wp-content\/uploads\/2022\/09\/foto-001.png\",\"width\":567,\"height\":425},{\"@type\":\"BreadcrumbList\",\"@id\":\"https:\/\/sanivaneletrica.com.br\/index.php\/empresa\/#breadcrumb\",\"itemListElement\":[{\"@type\":\"ListItem\",\"position\":1,\"name\":\"In\u00edcio\",\"item\":\"https:\/\/sanivaneletrica.com.br\/\"},{\"@type\":\"ListItem\",\"position\":2,\"name\":\"Empresa\"}]},{\"@type\":\"WebSite\",\"@id\":\"https:\/\/sanivaneletrica.com.br\/#website\",\"url\":\"https:\/\/sanivaneletrica.com.br\/\",\"name\":\"SANIVAN EL\u00c9TRICA\",\"description\":\"\",\"publisher\":{\"@id\":\"https:\/\/sanivaneletrica.com.br\/#organization\"},\"potentialAction\":[{\"@type\":\"SearchAction\",\"target\":{\"@type\":\"EntryPoint\",\"urlTemplate\":\"https:\/\/sanivaneletrica.com.br\/?s={search_term_string}\"},\"query-input\":\"required name=search_term_string\"}],\"inLanguage\":\"en-US\"},{\"@type\":\"Organization\",\"@id\":\"https:\/\/sanivaneletrica.com.br\/#organization\",\"name\":\"SANIVAN EL\u00c9TRICA\",\"url\":\"https:\/\/sanivaneletrica.com.br\/\",\"logo\":{\"@type\":\"ImageObject\",\"inLanguage\":\"en-US\",\"@id\":\"https:\/\/sanivaneletrica.com.br\/#\/schema\/logo\/image\/\",\"url\":\"https:\/\/sanivaneletrica.com.br\/wp-content\/uploads\/2022\/09\/cropped-marca.png\",\"contentUrl\":\"https:\/\/sanivaneletrica.com.br\/wp-content\/uploads\/2022\/09\/cropped-marca.png\",\"width\":1811,\"height\":543,\"caption\":\"SANIVAN EL\u00c9TRICA\"},\"image\":{\"@id\":\"https:\/\/sanivaneletrica.com.br\/#\/schema\/logo\/image\/\"},\"sameAs\":[\"https:\/\/www.facebook.com\/sanivaneletrica\",\"https:\/\/www.instagram.com\/sanivaneletrica\"]}]}<\/script>\n<!-- \/ Yoast SEO plugin. -->","yoast_head_json":{"title":"Empresa - SANIVAN EL\u00c9TRICA","robots":{"index":"index","follow":"follow","max-snippet":"max-snippet:-1","max-image-preview":"max-image-preview:large","max-video-preview":"max-video-preview:-1"},"canonical":"https:\/\/sanivaneletrica.com.br\/index.php\/empresa\/","og_locale":"en_US","og_type":"article","og_title":"Empresa - SANIVAN EL\u00c9TRICA","og_description":"A SANIVAN EL\u00c9TRICA conta com uma Equipe\u00a0de Profissionais Especializados no seguimento fotovoltaico e instala\u00e7\u00f5es el\u00e9tricas, oferece a cada cliente, solu\u00e7\u00f5es sustent\u00e1veis, completas e confi\u00e1veis. Atuamos na\u00a0Engenharia\u00a0das Solu\u00e7\u00f5es Energ\u00e9ticas, na\u00a0execu\u00e7\u00e3o\u00a0de projetos, na\u00a0Manuten\u00e7\u00e3o Preventiva e disponibilizando um\u00a0p\u00f3s-vendas e surporte diferenciado. Oferecemos aos nossos clientes, uma an\u00e1lise de projetos para o bom desempenho do uso das tecnologias aplicadas [&hellip;]","og_url":"https:\/\/sanivaneletrica.com.br\/index.php\/empresa\/","og_site_name":"SANIVAN EL\u00c9TRICA","article_publisher":"https:\/\/www.facebook.com\/sanivaneletrica","article_modified_time":"2022-09-08T19:05:41+00:00","og_image":[{"url":"http:\/\/sanivaneletrica.com.br\/wp-content\/uploads\/2022\/09\/foto-001.png"}],"twitter_card":"summary_large_image","twitter_misc":{"Est. reading time":"1 minute"},"schema":{"@context":"https:\/\/schema.org","@graph":[{"@type":"WebPage","@id":"https:\/\/sanivaneletrica.com.br\/index.php\/empresa\/","url":"https:\/\/sanivaneletrica.com.br\/index.php\/empresa\/","name":"Empresa - SANIVAN EL\u00c9TRICA","isPartOf":{"@id":"https:\/\/sanivaneletrica.com.br\/#website"},"primaryImageOfPage":{"@id":"https:\/\/sanivaneletrica.com.br\/index.php\/empresa\/#primaryimage"},"image":{"@id":"https:\/\/sanivaneletrica.com.br\/index.php\/empresa\/#primaryimage"},"thumbnailUrl":"http:\/\/sanivaneletrica.com.br\/wp-content\/uploads\/2022\/09\/foto-001.png","datePublished":"2022-09-05T16:05:48+00:00","dateModified":"2022-09-08T19:05:41+00:00","breadcrumb":{"@id":"https:\/\/sanivaneletrica.com.br\/index.php\/empresa\/#breadcrumb"},"inLanguage":"en-US","potentialAction":[{"@type":"ReadAction","target":["https:\/\/sanivaneletrica.com.br\/index.php\/empresa\/"]}]},{"@type":"ImageObject","inLanguage":"en-US","@id":"https:\/\/sanivaneletrica.com.br\/index.php\/empresa\/#primaryimage","url":"https:\/\/sanivaneletrica.com.br\/wp-content\/uploads\/2022\/09\/foto-001.png","contentUrl":"https:\/\/sanivaneletrica.com.br\/wp-content\/uploads\/2022\/09\/foto-001.png","width":567,"height":425},{"@type":"BreadcrumbList","@id":"https:\/\/sanivaneletrica.com.br\/index.php\/empresa\/#breadcrumb","itemListElement":[{"@type":"ListItem","position":1,"name":"In\u00edcio","item":"https:\/\/sanivaneletrica.com.br\/"},{"@type":"ListItem","position":2,"name":"Empresa"}]},{"@type":"WebSite","@id":"https:\/\/sanivaneletrica.com.br\/#website","url":"https:\/\/sanivaneletrica.com.br\/","name":"SANIVAN EL\u00c9TRICA","description":"","publisher":{"@id":"https:\/\/sanivaneletrica.com.br\/#organization"},"potentialAction":[{"@type":"SearchAction","target":{"@type":"EntryPoint","urlTemplate":"https:\/\/sanivaneletrica.com.br\/?s={search_term_string}"},"query-input":"required name=search_term_string"}],"inLanguage":"en-US"},{"@type":"Organization","@id":"https:\/\/sanivaneletrica.com.br\/#organization","name":"SANIVAN EL\u00c9TRICA","url":"https:\/\/sanivaneletrica.com.br\/","logo":{"@type":"ImageObject","inLanguage":"en-US","@id":"https:\/\/sanivaneletrica.com.br\/#\/schema\/logo\/image\/","url":"https:\/\/sanivaneletrica.com.br\/wp-content\/uploads\/2022\/09\/cropped-marca.png","contentUrl":"https:\/\/sanivaneletrica.com.br\/wp-content\/uploads\/2022\/09\/cropped-marca.png","width":1811,"height":543,"caption":"SANIVAN EL\u00c9TRICA"},"image":{"@id":"https:\/\/sanivaneletrica.com.br\/#\/schema\/logo\/image\/"},"sameAs":["https:\/\/www.facebook.com\/sanivaneletrica","https:\/\/www.instagram.com\/sanivaneletrica"]}]}},"_links":{"self":[{"href":"https:\/\/sanivaneletrica.com.br\/index.php\/wp-json\/wp\/v2\/pages\/97","targetHints":{"allow":["GET"]}}],"collection":[{"href":"https:\/\/sanivaneletrica.com.br\/index.php\/wp-json\/wp\/v2\/pages"}],"about":[{"href":"https:\/\/sanivaneletrica.com.br\/index.php\/wp-json\/wp\/v2\/types\/page"}],"author":[{"embeddable":true,"href":"https:\/\/sanivaneletrica.com.br\/index.php\/wp-json\/wp\/v2\/users\/1"}],"replies":[{"embeddable":true,"href":"https:\/\/sanivaneletrica.com.br\/index.php\/wp-json\/wp\/v2\/comments?post=97"}],"version-history":[{"count":35,"href":"https:\/\/sanivaneletrica.com.br\/index.php\/wp-json\/wp\/v2\/pages\/97\/revisions"}],"predecessor-version":[{"id":295,"href":"https:\/\/sanivaneletrica.com.br\/index.php\/wp-json\/wp\/v2\/pages\/97\/revisions\/295"}],"wp:attachment":[{"href":"https:\/\/sanivaneletrica.com.br\/index.php\/wp-json\/wp\/v2\/media?parent=97"}],"curies":[{"name":"wp","href":"https:\/\/api.w.org\/{rel}","templated":true}]}}