{"id":110,"date":"2022-09-05T13:10:23","date_gmt":"2022-09-05T16:10:23","guid":{"rendered":"http:\/\/sanivaneletrica.com.br\/?page_id=110"},"modified":"2022-09-12T14:45:55","modified_gmt":"2022-09-12T17:45:55","slug":"servicos","status":"publish","type":"page","link":"https:\/\/sanivaneletrica.com.br\/index.php\/servicos\/","title":{"rendered":"Servi\u00e7os"},"content":{"rendered":"\n<div class=\"wp-block-columns is-layout-flex wp-container-core-columns-is-layout-9d6595d7 wp-block-columns-is-layout-flex\">\n<div class=\"wp-block-column is-layout-flow wp-block-column-is-layout-flow\" style=\"flex-basis:66.66%\">\n<p class=\"has-medium-font-size\"><strong>ENERGIA SOLAR<\/strong><br>Vendas, Instala\u00e7\u00e3o e Manuten\u00e7\u00e3o de Pain\u00e9is Solares.<br>Residencial, Comercial, Industrial e Rural.<br><br><\/p>\n\n\n\n<p class=\"has-medium-font-size\"><strong>SPDA<\/strong><br>Sistema de Prote\u00e7\u00e3o contra Descargas Atmosf\u00e9ricas. <br><strong>Para-raios<\/strong>: Instala\u00e7\u00e3o e Manuten\u00e7\u00e3o<br><br><\/p>\n\n\n\n<p class=\"has-medium-font-size\"><strong>EL\u00c9TRICA RESIDENCIAL<\/strong><br>Instala\u00e7\u00e3o e Manuten\u00e7\u00e3o<\/p>\n\n\n\n<p><br><\/p>\n<\/div>\n\n\n\n<div class=\"wp-block-column is-layout-flow wp-block-column-is-layout-flow\" style=\"flex-basis:33.33%\">\n<figure class=\"wp-block-gallery has-nested-images columns-default is-cropped wp-block-gallery-1 is-layout-flex wp-block-gallery-is-layout-flex\">\n<figure class=\"wp-block-image size-full is-resized\"><img loading=\"lazy\" decoding=\"async\" data-id=\"331\" src=\"https:\/\/sanivaneletrica.com.br\/wp-content\/uploads\/2022\/09\/pngegg-2022-09-08T194105.353.png\" alt=\"\" class=\"wp-image-331\" width=\"351\" height=\"246\" srcset=\"https:\/\/sanivaneletrica.com.br\/wp-content\/uploads\/2022\/09\/pngegg-2022-09-08T194105.353.png 713w, https:\/\/sanivaneletrica.com.br\/wp-content\/uploads\/2022\/09\/pngegg-2022-09-08T194105.353-300x211.png 300w\" sizes=\"auto, (max-width: 351px) 100vw, 351px\" \/><\/figure>\n<\/figure>\n\n\n\n<figure class=\"wp-block-image size-full is-resized\"><img loading=\"lazy\" decoding=\"async\" src=\"https:\/\/sanivaneletrica.com.br\/wp-content\/uploads\/2022\/09\/pngegg-2022-09-06T195144.897-2.png\" alt=\"\" class=\"wp-image-339\" width=\"346\" height=\"207\" srcset=\"https:\/\/sanivaneletrica.com.br\/wp-content\/uploads\/2022\/09\/pngegg-2022-09-06T195144.897-2.png 781w, https:\/\/sanivaneletrica.com.br\/wp-content\/uploads\/2022\/09\/pngegg-2022-09-06T195144.897-2-300x180.png 300w, https:\/\/sanivaneletrica.com.br\/wp-content\/uploads\/2022\/09\/pngegg-2022-09-06T195144.897-2-768x461.png 768w\" sizes=\"auto, (max-width: 346px) 100vw, 346px\" \/><\/figure>\n<\/div>\n<\/div>\n","protected":false},"excerpt":{"rendered":"<p>ENERGIA SOLARVendas, Instala\u00e7\u00e3o e Manuten\u00e7\u00e3o de Pain\u00e9is Solares.Residencial, Comercial, Industrial e Rural. SPDASistema de Prote\u00e7\u00e3o contra Descargas Atmosf\u00e9ricas. Para-raios: Instala\u00e7\u00e3o e Manuten\u00e7\u00e3o EL\u00c9TRICA RESIDENCIALInstala\u00e7\u00e3o e Manuten\u00e7\u00e3o<\/p>\n","protected":false},"author":1,"featured_media":0,"parent":0,"menu_order":0,"comment_status":"closed","ping_status":"closed","template":"templates\/template-page-full-width.php","meta":{"footnotes":""},"class_list":["post-110","page","type-page","status-publish","hentry"],"yoast_head":"<!-- This site is optimized with the Yoast SEO plugin v23.2 - https:\/\/yoast.com\/wordpress\/plugins\/seo\/ -->\n<title>Servi\u00e7os - SANIVAN EL\u00c9TRICA<\/title>\n<meta name=\"robots\" content=\"index, follow, max-snippet:-1, max-image-preview:large, max-video-preview:-1\" \/>\n<link rel=\"canonical\" href=\"https:\/\/sanivaneletrica.com.br\/index.php\/servicos\/\" \/>\n<meta property=\"og:locale\" content=\"en_US\" \/>\n<meta property=\"og:type\" content=\"article\" \/>\n<meta property=\"og:title\" content=\"Servi\u00e7os - SANIVAN EL\u00c9TRICA\" \/>\n<meta property=\"og:description\" content=\"ENERGIA SOLARVendas, Instala\u00e7\u00e3o e Manuten\u00e7\u00e3o de Pain\u00e9is Solares.Residencial, Comercial, Industrial e Rural. SPDASistema de Prote\u00e7\u00e3o contra Descargas Atmosf\u00e9ricas. Para-raios: Instala\u00e7\u00e3o e Manuten\u00e7\u00e3o EL\u00c9TRICA RESIDENCIALInstala\u00e7\u00e3o e Manuten\u00e7\u00e3o\" \/>\n<meta property=\"og:url\" content=\"https:\/\/sanivaneletrica.com.br\/index.php\/servicos\/\" \/>\n<meta property=\"og:site_name\" content=\"SANIVAN EL\u00c9TRICA\" \/>\n<meta property=\"article:publisher\" content=\"https:\/\/www.facebook.com\/sanivaneletrica\" \/>\n<meta property=\"article:modified_time\" content=\"2022-09-12T17:45:55+00:00\" \/>\n<meta property=\"og:image\" content=\"https:\/\/sanivaneletrica.com.br\/wp-content\/uploads\/2022\/09\/pngegg-2022-09-08T194105.353.png\" \/>\n<meta name=\"twitter:card\" content=\"summary_large_image\" \/>\n<script type=\"application\/ld+json\" class=\"yoast-schema-graph\">{\"@context\":\"https:\/\/schema.org\",\"@graph\":[{\"@type\":\"WebPage\",\"@id\":\"https:\/\/sanivaneletrica.com.br\/index.php\/servicos\/\",\"url\":\"https:\/\/sanivaneletrica.com.br\/index.php\/servicos\/\",\"name\":\"Servi\u00e7os - SANIVAN EL\u00c9TRICA\",\"isPartOf\":{\"@id\":\"https:\/\/sanivaneletrica.com.br\/#website\"},\"primaryImageOfPage\":{\"@id\":\"https:\/\/sanivaneletrica.com.br\/index.php\/servicos\/#primaryimage\"},\"image\":{\"@id\":\"https:\/\/sanivaneletrica.com.br\/index.php\/servicos\/#primaryimage\"},\"thumbnailUrl\":\"https:\/\/sanivaneletrica.com.br\/wp-content\/uploads\/2022\/09\/pngegg-2022-09-08T194105.353.png\",\"datePublished\":\"2022-09-05T16:10:23+00:00\",\"dateModified\":\"2022-09-12T17:45:55+00:00\",\"breadcrumb\":{\"@id\":\"https:\/\/sanivaneletrica.com.br\/index.php\/servicos\/#breadcrumb\"},\"inLanguage\":\"en-US\",\"potentialAction\":[{\"@type\":\"ReadAction\",\"target\":[\"https:\/\/sanivaneletrica.com.br\/index.php\/servicos\/\"]}]},{\"@type\":\"ImageObject\",\"inLanguage\":\"en-US\",\"@id\":\"https:\/\/sanivaneletrica.com.br\/index.php\/servicos\/#primaryimage\",\"url\":\"https:\/\/sanivaneletrica.com.br\/wp-content\/uploads\/2022\/09\/pngegg-2022-09-08T194105.353.png\",\"contentUrl\":\"https:\/\/sanivaneletrica.com.br\/wp-content\/uploads\/2022\/09\/pngegg-2022-09-08T194105.353.png\",\"width\":713,\"height\":501},{\"@type\":\"BreadcrumbList\",\"@id\":\"https:\/\/sanivaneletrica.com.br\/index.php\/servicos\/#breadcrumb\",\"itemListElement\":[{\"@type\":\"ListItem\",\"position\":1,\"name\":\"In\u00edcio\",\"item\":\"https:\/\/sanivaneletrica.com.br\/\"},{\"@type\":\"ListItem\",\"position\":2,\"name\":\"Servi\u00e7os\"}]},{\"@type\":\"WebSite\",\"@id\":\"https:\/\/sanivaneletrica.com.br\/#website\",\"url\":\"https:\/\/sanivaneletrica.com.br\/\",\"name\":\"SANIVAN EL\u00c9TRICA\",\"description\":\"\",\"publisher\":{\"@id\":\"https:\/\/sanivaneletrica.com.br\/#organization\"},\"potentialAction\":[{\"@type\":\"SearchAction\",\"target\":{\"@type\":\"EntryPoint\",\"urlTemplate\":\"https:\/\/sanivaneletrica.com.br\/?s={search_term_string}\"},\"query-input\":\"required name=search_term_string\"}],\"inLanguage\":\"en-US\"},{\"@type\":\"Organization\",\"@id\":\"https:\/\/sanivaneletrica.com.br\/#organization\",\"name\":\"SANIVAN EL\u00c9TRICA\",\"url\":\"https:\/\/sanivaneletrica.com.br\/\",\"logo\":{\"@type\":\"ImageObject\",\"inLanguage\":\"en-US\",\"@id\":\"https:\/\/sanivaneletrica.com.br\/#\/schema\/logo\/image\/\",\"url\":\"https:\/\/sanivaneletrica.com.br\/wp-content\/uploads\/2022\/09\/cropped-marca.png\",\"contentUrl\":\"https:\/\/sanivaneletrica.com.br\/wp-content\/uploads\/2022\/09\/cropped-marca.png\",\"width\":1811,\"height\":543,\"caption\":\"SANIVAN EL\u00c9TRICA\"},\"image\":{\"@id\":\"https:\/\/sanivaneletrica.com.br\/#\/schema\/logo\/image\/\"},\"sameAs\":[\"https:\/\/www.facebook.com\/sanivaneletrica\",\"https:\/\/www.instagram.com\/sanivaneletrica\"]}]}<\/script>\n<!-- \/ Yoast SEO plugin. -->","yoast_head_json":{"title":"Servi\u00e7os - SANIVAN EL\u00c9TRICA","robots":{"index":"index","follow":"follow","max-snippet":"max-snippet:-1","max-image-preview":"max-image-preview:large","max-video-preview":"max-video-preview:-1"},"canonical":"https:\/\/sanivaneletrica.com.br\/index.php\/servicos\/","og_locale":"en_US","og_type":"article","og_title":"Servi\u00e7os - SANIVAN EL\u00c9TRICA","og_description":"ENERGIA SOLARVendas, Instala\u00e7\u00e3o e Manuten\u00e7\u00e3o de Pain\u00e9is Solares.Residencial, Comercial, Industrial e Rural. SPDASistema de Prote\u00e7\u00e3o contra Descargas Atmosf\u00e9ricas. Para-raios: Instala\u00e7\u00e3o e Manuten\u00e7\u00e3o EL\u00c9TRICA RESIDENCIALInstala\u00e7\u00e3o e Manuten\u00e7\u00e3o","og_url":"https:\/\/sanivaneletrica.com.br\/index.php\/servicos\/","og_site_name":"SANIVAN EL\u00c9TRICA","article_publisher":"https:\/\/www.facebook.com\/sanivaneletrica","article_modified_time":"2022-09-12T17:45:55+00:00","og_image":[{"url":"https:\/\/sanivaneletrica.com.br\/wp-content\/uploads\/2022\/09\/pngegg-2022-09-08T194105.353.png"}],"twitter_card":"summary_large_image","schema":{"@context":"https:\/\/schema.org","@graph":[{"@type":"WebPage","@id":"https:\/\/sanivaneletrica.com.br\/index.php\/servicos\/","url":"https:\/\/sanivaneletrica.com.br\/index.php\/servicos\/","name":"Servi\u00e7os - SANIVAN EL\u00c9TRICA","isPartOf":{"@id":"https:\/\/sanivaneletrica.com.br\/#website"},"primaryImageOfPage":{"@id":"https:\/\/sanivaneletrica.com.br\/index.php\/servicos\/#primaryimage"},"image":{"@id":"https:\/\/sanivaneletrica.com.br\/index.php\/servicos\/#primaryimage"},"thumbnailUrl":"https:\/\/sanivaneletrica.com.br\/wp-content\/uploads\/2022\/09\/pngegg-2022-09-08T194105.353.png","datePublished":"2022-09-05T16:10:23+00:00","dateModified":"2022-09-12T17:45:55+00:00","breadcrumb":{"@id":"https:\/\/sanivaneletrica.com.br\/index.php\/servicos\/#breadcrumb"},"inLanguage":"en-US","potentialAction":[{"@type":"ReadAction","target":["https:\/\/sanivaneletrica.com.br\/index.php\/servicos\/"]}]},{"@type":"ImageObject","inLanguage":"en-US","@id":"https:\/\/sanivaneletrica.com.br\/index.php\/servicos\/#primaryimage","url":"https:\/\/sanivaneletrica.com.br\/wp-content\/uploads\/2022\/09\/pngegg-2022-09-08T194105.353.png","contentUrl":"https:\/\/sanivaneletrica.com.br\/wp-content\/uploads\/2022\/09\/pngegg-2022-09-08T194105.353.png","width":713,"height":501},{"@type":"BreadcrumbList","@id":"https:\/\/sanivaneletrica.com.br\/index.php\/servicos\/#breadcrumb","itemListElement":[{"@type":"ListItem","position":1,"name":"In\u00edcio","item":"https:\/\/sanivaneletrica.com.br\/"},{"@type":"ListItem","position":2,"name":"Servi\u00e7os"}]},{"@type":"WebSite","@id":"https:\/\/sanivaneletrica.com.br\/#website","url":"https:\/\/sanivaneletrica.com.br\/","name":"SANIVAN EL\u00c9TRICA","description":"","publisher":{"@id":"https:\/\/sanivaneletrica.com.br\/#organization"},"potentialAction":[{"@type":"SearchAction","target":{"@type":"EntryPoint","urlTemplate":"https:\/\/sanivaneletrica.com.br\/?s={search_term_string}"},"query-input":"required name=search_term_string"}],"inLanguage":"en-US"},{"@type":"Organization","@id":"https:\/\/sanivaneletrica.com.br\/#organization","name":"SANIVAN EL\u00c9TRICA","url":"https:\/\/sanivaneletrica.com.br\/","logo":{"@type":"ImageObject","inLanguage":"en-US","@id":"https:\/\/sanivaneletrica.com.br\/#\/schema\/logo\/image\/","url":"https:\/\/sanivaneletrica.com.br\/wp-content\/uploads\/2022\/09\/cropped-marca.png","contentUrl":"https:\/\/sanivaneletrica.com.br\/wp-content\/uploads\/2022\/09\/cropped-marca.png","width":1811,"height":543,"caption":"SANIVAN EL\u00c9TRICA"},"image":{"@id":"https:\/\/sanivaneletrica.com.br\/#\/schema\/logo\/image\/"},"sameAs":["https:\/\/www.facebook.com\/sanivaneletrica","https:\/\/www.instagram.com\/sanivaneletrica"]}]}},"_links":{"self":[{"href":"https:\/\/sanivaneletrica.com.br\/index.php\/wp-json\/wp\/v2\/pages\/110","targetHints":{"allow":["GET"]}}],"collection":[{"href":"https:\/\/sanivaneletrica.com.br\/index.php\/wp-json\/wp\/v2\/pages"}],"about":[{"href":"https:\/\/sanivaneletrica.com.br\/index.php\/wp-json\/wp\/v2\/types\/page"}],"author":[{"embeddable":true,"href":"https:\/\/sanivaneletrica.com.br\/index.php\/wp-json\/wp\/v2\/users\/1"}],"replies":[{"embeddable":true,"href":"https:\/\/sanivaneletrica.com.br\/index.php\/wp-json\/wp\/v2\/comments?post=110"}],"version-history":[{"count":13,"href":"https:\/\/sanivaneletrica.com.br\/index.php\/wp-json\/wp\/v2\/pages\/110\/revisions"}],"predecessor-version":[{"id":357,"href":"https:\/\/sanivaneletrica.com.br\/index.php\/wp-json\/wp\/v2\/pages\/110\/revisions\/357"}],"wp:attachment":[{"href":"https:\/\/sanivaneletrica.com.br\/index.php\/wp-json\/wp\/v2\/media?parent=110"}],"curies":[{"name":"wp","href":"https:\/\/api.w.org\/{rel}","templated":true}]}}