{"id":108,"date":"2022-09-05T13:10:11","date_gmt":"2022-09-05T16:10:11","guid":{"rendered":"http:\/\/sanivaneletrica.com.br\/?page_id=108"},"modified":"2024-03-02T08:15:05","modified_gmt":"2024-03-02T11:15:05","slug":"produtos","status":"publish","type":"page","link":"https:\/\/sanivaneletrica.com.br\/index.php\/produtos\/","title":{"rendered":"Produtos"},"content":{"rendered":"\n<div class=\"wp-block-columns is-layout-flex wp-container-core-columns-is-layout-9d6595d7 wp-block-columns-is-layout-flex\">\n<div class=\"wp-block-column is-layout-flow wp-block-column-is-layout-flow\" style=\"flex-basis:50%\">\n<p class=\"has-medium-font-size\">A <strong>SANIVAN EL\u00c9TRICA<\/strong> utiliza equipamentos de fabricantes renomados, l\u00edderes no mercado e que oferece alta performance e s\u00f3lida garantia de qualidade como:<br><br><strong>M\u00d3DULOS<\/strong>: <br>LONGi, Jinko, JA Solar, Trina Solar, Canadian Solar<br><br><strong>INVERSORES<\/strong>: <br>EMPHASE, FR\u00d4NIUS, GROWATT, SUNGROW, GOODWE e MICROINVERSOR, EMPHASE entre outros.<\/p>\n\n\n\n<p class=\"has-medium-font-size\">Trabalhamos com as melhores<strong> MARCAS<\/strong> de equipamentos e sistemas com garantias de alta qualidade reconhecidas no mercado mundial.<\/p>\n\n\n\n<p class=\"has-medium-font-size\"><br><\/p>\n\n\n\n<p class=\"has-medium-font-size\"><\/p>\n\n\n\n<p class=\"has-medium-font-size\"><\/p>\n\n\n\n<p class=\"has-medium-font-size\"><strong>PROJETOS EXCLUSIVOS<\/strong>: <br>Seja na Cidade ou Interior, desenvolvemos projetos de acordo a sua necessidade.<\/p>\n\n\n\n<p><\/p>\n\n\n\n<figure class=\"wp-block-image size-large\"><img loading=\"lazy\" decoding=\"async\" width=\"1024\" height=\"576\" src=\"https:\/\/sanivaneletrica.com.br\/wp-content\/uploads\/2024\/03\/foto-1-1-1024x576.jpg\" alt=\"\" class=\"wp-image-408\" srcset=\"https:\/\/sanivaneletrica.com.br\/wp-content\/uploads\/2024\/03\/foto-1-1-1024x576.jpg 1024w, https:\/\/sanivaneletrica.com.br\/wp-content\/uploads\/2024\/03\/foto-1-1-300x169.jpg 300w, https:\/\/sanivaneletrica.com.br\/wp-content\/uploads\/2024\/03\/foto-1-1-768x432.jpg 768w, https:\/\/sanivaneletrica.com.br\/wp-content\/uploads\/2024\/03\/foto-1-1-1536x864.jpg 1536w, https:\/\/sanivaneletrica.com.br\/wp-content\/uploads\/2024\/03\/foto-1-1.jpg 1600w\" sizes=\"auto, (max-width: 1024px) 100vw, 1024px\" \/><\/figure>\n\n\n\n<p><\/p>\n\n\n\n<figure class=\"wp-block-image size-large\"><img loading=\"lazy\" decoding=\"async\" width=\"1024\" height=\"768\" src=\"https:\/\/sanivaneletrica.com.br\/wp-content\/uploads\/2024\/03\/foto-5-1-1024x768.jpg\" alt=\"\" class=\"wp-image-413\" srcset=\"https:\/\/sanivaneletrica.com.br\/wp-content\/uploads\/2024\/03\/foto-5-1-1024x768.jpg 1024w, https:\/\/sanivaneletrica.com.br\/wp-content\/uploads\/2024\/03\/foto-5-1-300x225.jpg 300w, https:\/\/sanivaneletrica.com.br\/wp-content\/uploads\/2024\/03\/foto-5-1-768x576.jpg 768w, https:\/\/sanivaneletrica.com.br\/wp-content\/uploads\/2024\/03\/foto-5-1.jpg 1280w\" sizes=\"auto, (max-width: 1024px) 100vw, 1024px\" \/><\/figure>\n\n\n\n<p><\/p>\n\n\n\n<figure class=\"wp-block-gallery has-nested-images columns-default is-cropped wp-block-gallery-1 is-layout-flex wp-block-gallery-is-layout-flex\">\n<figure class=\"wp-block-image size-large\"><img loading=\"lazy\" decoding=\"async\" width=\"1024\" height=\"576\" data-id=\"416\" src=\"https:\/\/sanivaneletrica.com.br\/wp-content\/uploads\/2024\/03\/foto-6-1-1024x576.jpg\" alt=\"\" class=\"wp-image-416\" srcset=\"https:\/\/sanivaneletrica.com.br\/wp-content\/uploads\/2024\/03\/foto-6-1-1024x576.jpg 1024w, https:\/\/sanivaneletrica.com.br\/wp-content\/uploads\/2024\/03\/foto-6-1-300x169.jpg 300w, https:\/\/sanivaneletrica.com.br\/wp-content\/uploads\/2024\/03\/foto-6-1-768x432.jpg 768w, https:\/\/sanivaneletrica.com.br\/wp-content\/uploads\/2024\/03\/foto-6-1.jpg 1280w\" sizes=\"auto, (max-width: 1024px) 100vw, 1024px\" \/><\/figure>\n<\/figure>\n\n\n\n<p><\/p>\n\n\n\n<figure class=\"wp-block-gallery has-nested-images columns-default is-cropped wp-block-gallery-2 is-layout-flex wp-block-gallery-is-layout-flex\">\n<figure class=\"wp-block-image size-large\"><img loading=\"lazy\" decoding=\"async\" width=\"1024\" height=\"577\" data-id=\"419\" src=\"https:\/\/sanivaneletrica.com.br\/wp-content\/uploads\/2024\/03\/foto-4-2-1024x577.jpg\" alt=\"\" class=\"wp-image-419\" srcset=\"https:\/\/sanivaneletrica.com.br\/wp-content\/uploads\/2024\/03\/foto-4-2-1024x577.jpg 1024w, https:\/\/sanivaneletrica.com.br\/wp-content\/uploads\/2024\/03\/foto-4-2-300x169.jpg 300w, https:\/\/sanivaneletrica.com.br\/wp-content\/uploads\/2024\/03\/foto-4-2-768x432.jpg 768w, https:\/\/sanivaneletrica.com.br\/wp-content\/uploads\/2024\/03\/foto-4-2-1536x865.jpg 1536w, https:\/\/sanivaneletrica.com.br\/wp-content\/uploads\/2024\/03\/foto-4-2.jpg 1600w\" sizes=\"auto, (max-width: 1024px) 100vw, 1024px\" \/><\/figure>\n<\/figure>\n<\/div>\n\n\n\n<div class=\"wp-block-column is-layout-flow wp-block-column-is-layout-flow\" style=\"flex-basis:50%\">\n<figure class=\"wp-block-gallery aligncenter has-nested-images columns-default is-cropped wp-block-gallery-3 is-layout-flex wp-block-gallery-is-layout-flex\">\n<figure class=\"wp-block-image size-full\"><img loading=\"lazy\" decoding=\"async\" width=\"567\" height=\"756\" data-id=\"312\" src=\"https:\/\/sanivaneletrica.com.br\/wp-content\/uploads\/2022\/09\/foto-002.png\" alt=\"\" class=\"wp-image-312\" srcset=\"https:\/\/sanivaneletrica.com.br\/wp-content\/uploads\/2022\/09\/foto-002.png 567w, https:\/\/sanivaneletrica.com.br\/wp-content\/uploads\/2022\/09\/foto-002-225x300.png 225w\" sizes=\"auto, (max-width: 567px) 100vw, 567px\" \/><\/figure>\n<\/figure>\n\n\n\n<p><\/p>\n\n\n\n<p><\/p>\n\n\n\n<figure class=\"wp-block-gallery has-nested-images columns-default is-cropped wp-block-gallery-4 is-layout-flex wp-block-gallery-is-layout-flex\">\n<figure class=\"wp-block-image size-large\"><img loading=\"lazy\" decoding=\"async\" width=\"1024\" height=\"768\" data-id=\"374\" src=\"https:\/\/sanivaneletrica.com.br\/wp-content\/uploads\/2023\/04\/foto-NOVA-001-1-1024x768.png\" alt=\"\" class=\"wp-image-374\" srcset=\"https:\/\/sanivaneletrica.com.br\/wp-content\/uploads\/2023\/04\/foto-NOVA-001-1-1024x768.png 1024w, https:\/\/sanivaneletrica.com.br\/wp-content\/uploads\/2023\/04\/foto-NOVA-001-1-300x225.png 300w, https:\/\/sanivaneletrica.com.br\/wp-content\/uploads\/2023\/04\/foto-NOVA-001-1-768x576.png 768w, https:\/\/sanivaneletrica.com.br\/wp-content\/uploads\/2023\/04\/foto-NOVA-001-1-1536x1152.png 1536w, https:\/\/sanivaneletrica.com.br\/wp-content\/uploads\/2023\/04\/foto-NOVA-001-1.png 1600w\" sizes=\"auto, (max-width: 1024px) 100vw, 1024px\" \/><\/figure>\n<\/figure>\n\n\n\n<p><\/p>\n\n\n\n<figure class=\"wp-block-gallery has-nested-images columns-default is-cropped wp-block-gallery-5 is-layout-flex wp-block-gallery-is-layout-flex\">\n<figure class=\"wp-block-image size-large\"><img loading=\"lazy\" decoding=\"async\" width=\"1024\" height=\"577\" data-id=\"410\" src=\"https:\/\/sanivaneletrica.com.br\/wp-content\/uploads\/2024\/03\/foto-2-1-1024x577.jpg\" alt=\"\" class=\"wp-image-410\" srcset=\"https:\/\/sanivaneletrica.com.br\/wp-content\/uploads\/2024\/03\/foto-2-1-1024x577.jpg 1024w, https:\/\/sanivaneletrica.com.br\/wp-content\/uploads\/2024\/03\/foto-2-1-300x169.jpg 300w, https:\/\/sanivaneletrica.com.br\/wp-content\/uploads\/2024\/03\/foto-2-1-768x432.jpg 768w, https:\/\/sanivaneletrica.com.br\/wp-content\/uploads\/2024\/03\/foto-2-1-1536x865.jpg 1536w, https:\/\/sanivaneletrica.com.br\/wp-content\/uploads\/2024\/03\/foto-2-1.jpg 1600w\" sizes=\"auto, (max-width: 1024px) 100vw, 1024px\" \/><\/figure>\n<\/figure>\n\n\n\n<p><\/p>\n\n\n\n<figure class=\"wp-block-gallery has-nested-images columns-default is-cropped wp-block-gallery-6 is-layout-flex wp-block-gallery-is-layout-flex\">\n<figure class=\"wp-block-image size-large\"><img loading=\"lazy\" decoding=\"async\" width=\"1024\" height=\"576\" data-id=\"414\" src=\"https:\/\/sanivaneletrica.com.br\/wp-content\/uploads\/2024\/03\/foto-3-1-1024x576.jpg\" alt=\"\" class=\"wp-image-414\" srcset=\"https:\/\/sanivaneletrica.com.br\/wp-content\/uploads\/2024\/03\/foto-3-1-1024x576.jpg 1024w, https:\/\/sanivaneletrica.com.br\/wp-content\/uploads\/2024\/03\/foto-3-1-300x169.jpg 300w, https:\/\/sanivaneletrica.com.br\/wp-content\/uploads\/2024\/03\/foto-3-1-768x432.jpg 768w, https:\/\/sanivaneletrica.com.br\/wp-content\/uploads\/2024\/03\/foto-3-1-1536x864.jpg 1536w, https:\/\/sanivaneletrica.com.br\/wp-content\/uploads\/2024\/03\/foto-3-1.jpg 1600w\" sizes=\"auto, (max-width: 1024px) 100vw, 1024px\" \/><\/figure>\n<\/figure>\n\n\n\n<p><\/p>\n<\/div>\n<\/div>\n\n\n\n<p><\/p>\n","protected":false},"excerpt":{"rendered":"<p>A SANIVAN EL\u00c9TRICA utiliza equipamentos de fabricantes renomados, l\u00edderes no mercado e que oferece alta performance e s\u00f3lida garantia de qualidade como: M\u00d3DULOS: LONGi, Jinko, JA Solar, Trina Solar, Canadian Solar INVERSORES: EMPHASE, FR\u00d4NIUS, GROWATT, SUNGROW, GOODWE e MICROINVERSOR, EMPHASE entre outros. Trabalhamos com as melhores MARCAS de equipamentos e sistemas com garantias de alta [&hellip;]<\/p>\n","protected":false},"author":1,"featured_media":0,"parent":0,"menu_order":0,"comment_status":"closed","ping_status":"closed","template":"templates\/template-page-full-width.php","meta":{"footnotes":""},"class_list":["post-108","page","type-page","status-publish","hentry"],"yoast_head":"<!-- This site is optimized with the Yoast SEO plugin v23.2 - https:\/\/yoast.com\/wordpress\/plugins\/seo\/ -->\n<title>Produtos - SANIVAN EL\u00c9TRICA<\/title>\n<meta name=\"robots\" content=\"index, follow, max-snippet:-1, max-image-preview:large, max-video-preview:-1\" \/>\n<link rel=\"canonical\" href=\"https:\/\/sanivaneletrica.com.br\/index.php\/produtos\/\" \/>\n<meta property=\"og:locale\" content=\"en_US\" \/>\n<meta property=\"og:type\" content=\"article\" \/>\n<meta property=\"og:title\" content=\"Produtos - SANIVAN EL\u00c9TRICA\" \/>\n<meta property=\"og:description\" content=\"A SANIVAN EL\u00c9TRICA utiliza equipamentos de fabricantes renomados, l\u00edderes no mercado e que oferece alta performance e s\u00f3lida garantia de qualidade como: M\u00d3DULOS: LONGi, Jinko, JA Solar, Trina Solar, Canadian Solar INVERSORES: EMPHASE, FR\u00d4NIUS, GROWATT, SUNGROW, GOODWE e MICROINVERSOR, EMPHASE entre outros. Trabalhamos com as melhores MARCAS de equipamentos e sistemas com garantias de alta [&hellip;]\" \/>\n<meta property=\"og:url\" content=\"https:\/\/sanivaneletrica.com.br\/index.php\/produtos\/\" \/>\n<meta property=\"og:site_name\" content=\"SANIVAN EL\u00c9TRICA\" \/>\n<meta property=\"article:publisher\" content=\"https:\/\/www.facebook.com\/sanivaneletrica\" \/>\n<meta property=\"article:modified_time\" content=\"2024-03-02T11:15:05+00:00\" \/>\n<meta property=\"og:image\" content=\"https:\/\/sanivaneletrica.com.br\/wp-content\/uploads\/2024\/03\/foto-1-1-1024x576.jpg\" \/>\n<meta name=\"twitter:card\" content=\"summary_large_image\" \/>\n<script type=\"application\/ld+json\" class=\"yoast-schema-graph\">{\"@context\":\"https:\/\/schema.org\",\"@graph\":[{\"@type\":\"WebPage\",\"@id\":\"https:\/\/sanivaneletrica.com.br\/index.php\/produtos\/\",\"url\":\"https:\/\/sanivaneletrica.com.br\/index.php\/produtos\/\",\"name\":\"Produtos - SANIVAN EL\u00c9TRICA\",\"isPartOf\":{\"@id\":\"https:\/\/sanivaneletrica.com.br\/#website\"},\"primaryImageOfPage\":{\"@id\":\"https:\/\/sanivaneletrica.com.br\/index.php\/produtos\/#primaryimage\"},\"image\":{\"@id\":\"https:\/\/sanivaneletrica.com.br\/index.php\/produtos\/#primaryimage\"},\"thumbnailUrl\":\"https:\/\/sanivaneletrica.com.br\/wp-content\/uploads\/2024\/03\/foto-1-1-1024x576.jpg\",\"datePublished\":\"2022-09-05T16:10:11+00:00\",\"dateModified\":\"2024-03-02T11:15:05+00:00\",\"breadcrumb\":{\"@id\":\"https:\/\/sanivaneletrica.com.br\/index.php\/produtos\/#breadcrumb\"},\"inLanguage\":\"en-US\",\"potentialAction\":[{\"@type\":\"ReadAction\",\"target\":[\"https:\/\/sanivaneletrica.com.br\/index.php\/produtos\/\"]}]},{\"@type\":\"ImageObject\",\"inLanguage\":\"en-US\",\"@id\":\"https:\/\/sanivaneletrica.com.br\/index.php\/produtos\/#primaryimage\",\"url\":\"https:\/\/sanivaneletrica.com.br\/wp-content\/uploads\/2024\/03\/foto-1-1.jpg\",\"contentUrl\":\"https:\/\/sanivaneletrica.com.br\/wp-content\/uploads\/2024\/03\/foto-1-1.jpg\",\"width\":1600,\"height\":900},{\"@type\":\"BreadcrumbList\",\"@id\":\"https:\/\/sanivaneletrica.com.br\/index.php\/produtos\/#breadcrumb\",\"itemListElement\":[{\"@type\":\"ListItem\",\"position\":1,\"name\":\"In\u00edcio\",\"item\":\"https:\/\/sanivaneletrica.com.br\/\"},{\"@type\":\"ListItem\",\"position\":2,\"name\":\"Produtos\"}]},{\"@type\":\"WebSite\",\"@id\":\"https:\/\/sanivaneletrica.com.br\/#website\",\"url\":\"https:\/\/sanivaneletrica.com.br\/\",\"name\":\"SANIVAN EL\u00c9TRICA\",\"description\":\"\",\"publisher\":{\"@id\":\"https:\/\/sanivaneletrica.com.br\/#organization\"},\"potentialAction\":[{\"@type\":\"SearchAction\",\"target\":{\"@type\":\"EntryPoint\",\"urlTemplate\":\"https:\/\/sanivaneletrica.com.br\/?s={search_term_string}\"},\"query-input\":\"required name=search_term_string\"}],\"inLanguage\":\"en-US\"},{\"@type\":\"Organization\",\"@id\":\"https:\/\/sanivaneletrica.com.br\/#organization\",\"name\":\"SANIVAN EL\u00c9TRICA\",\"url\":\"https:\/\/sanivaneletrica.com.br\/\",\"logo\":{\"@type\":\"ImageObject\",\"inLanguage\":\"en-US\",\"@id\":\"https:\/\/sanivaneletrica.com.br\/#\/schema\/logo\/image\/\",\"url\":\"https:\/\/sanivaneletrica.com.br\/wp-content\/uploads\/2022\/09\/cropped-marca.png\",\"contentUrl\":\"https:\/\/sanivaneletrica.com.br\/wp-content\/uploads\/2022\/09\/cropped-marca.png\",\"width\":1811,\"height\":543,\"caption\":\"SANIVAN EL\u00c9TRICA\"},\"image\":{\"@id\":\"https:\/\/sanivaneletrica.com.br\/#\/schema\/logo\/image\/\"},\"sameAs\":[\"https:\/\/www.facebook.com\/sanivaneletrica\",\"https:\/\/www.instagram.com\/sanivaneletrica\"]}]}<\/script>\n<!-- \/ Yoast SEO plugin. -->","yoast_head_json":{"title":"Produtos - SANIVAN EL\u00c9TRICA","robots":{"index":"index","follow":"follow","max-snippet":"max-snippet:-1","max-image-preview":"max-image-preview:large","max-video-preview":"max-video-preview:-1"},"canonical":"https:\/\/sanivaneletrica.com.br\/index.php\/produtos\/","og_locale":"en_US","og_type":"article","og_title":"Produtos - SANIVAN EL\u00c9TRICA","og_description":"A SANIVAN EL\u00c9TRICA utiliza equipamentos de fabricantes renomados, l\u00edderes no mercado e que oferece alta performance e s\u00f3lida garantia de qualidade como: M\u00d3DULOS: LONGi, Jinko, JA Solar, Trina Solar, Canadian Solar INVERSORES: EMPHASE, FR\u00d4NIUS, GROWATT, SUNGROW, GOODWE e MICROINVERSOR, EMPHASE entre outros. Trabalhamos com as melhores MARCAS de equipamentos e sistemas com garantias de alta [&hellip;]","og_url":"https:\/\/sanivaneletrica.com.br\/index.php\/produtos\/","og_site_name":"SANIVAN EL\u00c9TRICA","article_publisher":"https:\/\/www.facebook.com\/sanivaneletrica","article_modified_time":"2024-03-02T11:15:05+00:00","og_image":[{"url":"https:\/\/sanivaneletrica.com.br\/wp-content\/uploads\/2024\/03\/foto-1-1-1024x576.jpg"}],"twitter_card":"summary_large_image","schema":{"@context":"https:\/\/schema.org","@graph":[{"@type":"WebPage","@id":"https:\/\/sanivaneletrica.com.br\/index.php\/produtos\/","url":"https:\/\/sanivaneletrica.com.br\/index.php\/produtos\/","name":"Produtos - SANIVAN EL\u00c9TRICA","isPartOf":{"@id":"https:\/\/sanivaneletrica.com.br\/#website"},"primaryImageOfPage":{"@id":"https:\/\/sanivaneletrica.com.br\/index.php\/produtos\/#primaryimage"},"image":{"@id":"https:\/\/sanivaneletrica.com.br\/index.php\/produtos\/#primaryimage"},"thumbnailUrl":"https:\/\/sanivaneletrica.com.br\/wp-content\/uploads\/2024\/03\/foto-1-1-1024x576.jpg","datePublished":"2022-09-05T16:10:11+00:00","dateModified":"2024-03-02T11:15:05+00:00","breadcrumb":{"@id":"https:\/\/sanivaneletrica.com.br\/index.php\/produtos\/#breadcrumb"},"inLanguage":"en-US","potentialAction":[{"@type":"ReadAction","target":["https:\/\/sanivaneletrica.com.br\/index.php\/produtos\/"]}]},{"@type":"ImageObject","inLanguage":"en-US","@id":"https:\/\/sanivaneletrica.com.br\/index.php\/produtos\/#primaryimage","url":"https:\/\/sanivaneletrica.com.br\/wp-content\/uploads\/2024\/03\/foto-1-1.jpg","contentUrl":"https:\/\/sanivaneletrica.com.br\/wp-content\/uploads\/2024\/03\/foto-1-1.jpg","width":1600,"height":900},{"@type":"BreadcrumbList","@id":"https:\/\/sanivaneletrica.com.br\/index.php\/produtos\/#breadcrumb","itemListElement":[{"@type":"ListItem","position":1,"name":"In\u00edcio","item":"https:\/\/sanivaneletrica.com.br\/"},{"@type":"ListItem","position":2,"name":"Produtos"}]},{"@type":"WebSite","@id":"https:\/\/sanivaneletrica.com.br\/#website","url":"https:\/\/sanivaneletrica.com.br\/","name":"SANIVAN EL\u00c9TRICA","description":"","publisher":{"@id":"https:\/\/sanivaneletrica.com.br\/#organization"},"potentialAction":[{"@type":"SearchAction","target":{"@type":"EntryPoint","urlTemplate":"https:\/\/sanivaneletrica.com.br\/?s={search_term_string}"},"query-input":"required name=search_term_string"}],"inLanguage":"en-US"},{"@type":"Organization","@id":"https:\/\/sanivaneletrica.com.br\/#organization","name":"SANIVAN EL\u00c9TRICA","url":"https:\/\/sanivaneletrica.com.br\/","logo":{"@type":"ImageObject","inLanguage":"en-US","@id":"https:\/\/sanivaneletrica.com.br\/#\/schema\/logo\/image\/","url":"https:\/\/sanivaneletrica.com.br\/wp-content\/uploads\/2022\/09\/cropped-marca.png","contentUrl":"https:\/\/sanivaneletrica.com.br\/wp-content\/uploads\/2022\/09\/cropped-marca.png","width":1811,"height":543,"caption":"SANIVAN EL\u00c9TRICA"},"image":{"@id":"https:\/\/sanivaneletrica.com.br\/#\/schema\/logo\/image\/"},"sameAs":["https:\/\/www.facebook.com\/sanivaneletrica","https:\/\/www.instagram.com\/sanivaneletrica"]}]}},"_links":{"self":[{"href":"https:\/\/sanivaneletrica.com.br\/index.php\/wp-json\/wp\/v2\/pages\/108","targetHints":{"allow":["GET"]}}],"collection":[{"href":"https:\/\/sanivaneletrica.com.br\/index.php\/wp-json\/wp\/v2\/pages"}],"about":[{"href":"https:\/\/sanivaneletrica.com.br\/index.php\/wp-json\/wp\/v2\/types\/page"}],"author":[{"embeddable":true,"href":"https:\/\/sanivaneletrica.com.br\/index.php\/wp-json\/wp\/v2\/users\/1"}],"replies":[{"embeddable":true,"href":"https:\/\/sanivaneletrica.com.br\/index.php\/wp-json\/wp\/v2\/comments?post=108"}],"version-history":[{"count":43,"href":"https:\/\/sanivaneletrica.com.br\/index.php\/wp-json\/wp\/v2\/pages\/108\/revisions"}],"predecessor-version":[{"id":421,"href":"https:\/\/sanivaneletrica.com.br\/index.php\/wp-json\/wp\/v2\/pages\/108\/revisions\/421"}],"wp:attachment":[{"href":"https:\/\/sanivaneletrica.com.br\/index.php\/wp-json\/wp\/v2\/media?parent=108"}],"curies":[{"name":"wp","href":"https:\/\/api.w.org\/{rel}","templated":true}]}}